    {"id":80,"date":"2025-11-07T20:02:24","date_gmt":"2025-11-07T20:02:24","guid":{"rendered":"https:\/\/zapthewheel.com\/?page_id=80"},"modified":"2025-12-03T17:30:43","modified_gmt":"2025-12-03T17:30:43","slug":"contact","status":"publish","type":"page","link":"https:\/\/zapthewheel.com\/es\/contact\/","title":{"rendered":"P\u00f3ngase en contacto con"},"content":{"rendered":"<p>Gracias por su visita <strong>ZapTheWheel<\/strong>su plataforma de confianza para la innovaci\u00f3n en movilidad, la conducci\u00f3n inteligente y la tecnolog\u00eda del autom\u00f3vil. Valoramos de verdad sus mensajes y estamos aqu\u00ed para conectar, apoyar y colaborar con usted.<\/p>\n\n\n\n<h3 class=\"wp-block-heading\"><strong>Consultas generales<\/strong><\/h3>\n\n\n\n<p>\u00bfTiene alguna pregunta sobre <strong>ZapTheWheel<\/strong> \u00bfo simplemente quiere ponerse en contacto?<br>Env\u00edenos un correo electr\u00f3nico a contact @ zapthewheel.com<br>Nos encanta recibir noticias de nuestra comunidad y nos pondremos en contacto con usted lo antes posible.<\/p>\n\n\n\n<h3 class=\"wp-block-heading\"><strong>Sugerencias y contribuciones sobre contenidos<\/strong><\/h3>\n\n\n\n<p>\u00bfTienes una idea para un nuevo art\u00edculo? \u00bfQuiere compartir sus conocimientos sobre automoci\u00f3n o sugerir un tema sobre movilidad, veh\u00edculos el\u00e9ctricos o innovaci\u00f3n?<br>P\u00f3ngase en contacto con contact @ zapthewheel.com<br>Siempre estamos buscando voces apasionadas y perspectivas frescas que ayuden a dar forma al futuro de la conducci\u00f3n y la tecnolog\u00eda.<\/p>\n\n\n\n<h3 class=\"wp-block-heading\"><strong>Asistencia t\u00e9cnica<\/strong><\/h3>\n\n\n\n<p>Si tiene alg\u00fan problema con nuestra plataforma o necesita ayuda para acceder a nuestros art\u00edculos o funciones, no dude en <\/p>\n\n\n\n<p>contacto @ zapthewheel.com<br>Estamos aqu\u00ed para garantizar que su experiencia con <strong>ZapTheWheel<\/strong> es suave, atractivo y fiable.<\/p>\n\n\n\n<h3 class=\"wp-block-heading\"><strong>Mantente conectado<\/strong><\/h3>\n\n\n\n<p><strong>ZapTheWheel<\/strong> es una plataforma digital creada para innovadores, entusiastas y lectores de todo el mundo.<br>Aunque no operamos desde una oficina f\u00edsica, siempre estamos en l\u00ednea, dispuestos a escuchar, colaborar y crecer con nuestra comunidad.<\/p>\n\n\n\n<p>Gracias por formar parte del <strong>ZapTheWheel<\/strong> viaje.<br>Estaremos encantados de atenderle.<\/p>\n\n\n\n<p>Saludos cordiales,<br><strong>El equipo ZapTheWheel<\/strong><\/p>","protected":false},"excerpt":{"rendered":"<p>Gracias por visitar ZapTheWheel, su plataforma de confianza para la innovaci\u00f3n en movilidad, la conducci\u00f3n inteligente y la tecnolog\u00eda del autom\u00f3vil. Valoramos mucho sus mensajes y estamos aqu\u00ed para conectar, apoyar y colaborar con usted. Consultas generales \u00bfTiene alguna pregunta sobre ZapTheWheel o simplemente quiere ponerse en contacto? Env\u00edenos un correo electr\u00f3nico a contact @ zapthewheel.comNos encanta escuchar a nuestra comunidad [...]<\/p>","protected":false},"author":50,"featured_media":0,"parent":0,"menu_order":0,"comment_status":"closed","ping_status":"closed","template":"","meta":{"footnotes":""},"_links":{"self":[{"href":"https:\/\/zapthewheel.com\/es\/wp-json\/wp\/v2\/pages\/80"}],"collection":[{"href":"https:\/\/zapthewheel.com\/es\/wp-json\/wp\/v2\/pages"}],"about":[{"href":"https:\/\/zapthewheel.com\/es\/wp-json\/wp\/v2\/types\/page"}],"author":[{"embeddable":true,"href":"https:\/\/zapthewheel.com\/es\/wp-json\/wp\/v2\/users\/50"}],"replies":[{"embeddable":true,"href":"https:\/\/zapthewheel.com\/es\/wp-json\/wp\/v2\/comments?post=80"}],"version-history":[{"count":7,"href":"https:\/\/zapthewheel.com\/es\/wp-json\/wp\/v2\/pages\/80\/revisions"}],"predecessor-version":[{"id":150,"href":"https:\/\/zapthewheel.com\/es\/wp-json\/wp\/v2\/pages\/80\/revisions\/150"}],"wp:attachment":[{"href":"https:\/\/zapthewheel.com\/es\/wp-json\/wp\/v2\/media?parent=80"}],"curies":[{"name":"wp","href":"https:\/\/api.w.org\/{rel}","templated":true}]}}