    {"id":78,"date":"2025-11-07T20:01:46","date_gmt":"2025-11-07T20:01:46","guid":{"rendered":"https:\/\/zapthewheel.com\/?page_id=78"},"modified":"2025-11-25T21:11:23","modified_gmt":"2025-11-25T21:11:23","slug":"about-us","status":"publish","type":"page","link":"https:\/\/zapthewheel.com\/es\/about-us\/","title":{"rendered":"Qui\u00e9nes somos"},"content":{"rendered":"<p>Bienvenido a <strong>ZapTheWheel<\/strong> - su destino para la innovaci\u00f3n en movilidad, la conducci\u00f3n inteligente y la transformaci\u00f3n del autom\u00f3vil. Tanto si le apasionan los coches como si explora el futuro de la movilidad el\u00e9ctrica o siente curiosidad por las tecnolog\u00edas de conducci\u00f3n emergentes, <strong>ZapTheWheel<\/strong> est\u00e1 aqu\u00ed para guiarle en cada paso del camino.<\/p>\n\n\n\n<h3 class=\"wp-block-heading\"><strong>Lo que nos mueve<\/strong><\/h3>\n\n\n\n<p>En <strong>ZapTheWheel<\/strong>Creemos que el conocimiento hace avanzar al mundo, al igual que la innovaci\u00f3n impulsa la movilidad.<br>Nuestra misi\u00f3n es sencilla: ofrecer contenidos claros, atractivos y pr\u00e1cticos que ayuden a los lectores a mantenerse informados sobre la evoluci\u00f3n del transporte, los veh\u00edculos inteligentes y los estilos de vida conectados.<br>Nuestro objetivo es hacer que los temas complejos de automoci\u00f3n y tecnolog\u00eda sean f\u00e1ciles de entender, relevantes e inspiradores para todo el mundo, desde los entusiastas hasta los conductores de a pie.<\/p>\n\n\n\n<h3 class=\"wp-block-heading\"><strong>Qui\u00e9nes somos<\/strong><\/h3>\n\n\n\n<p>Somos un equipo de escritores, ingenieros y entusiastas de la tecnolog\u00eda apasionados por redefinir la forma en que las personas se mueven, se conectan y experimentan el mundo.<br><strong>ZapTheWheel<\/strong> se cre\u00f3 para tender un puente entre la tecnolog\u00eda y la carretera, reuniendo ideas sobre veh\u00edculos el\u00e9ctricos, movilidad digital, sistemas aut\u00f3nomos y la cultura de la conducci\u00f3n en la era moderna.<br>Nos centramos en contenidos que despierten la curiosidad y ayuden a los lectores a comprender las tendencias que configuran el futuro de la movilidad.<\/p>\n\n\n\n<p>Aqu\u00ed no eres s\u00f3lo un lector: formas parte de una comunidad en expansi\u00f3n que valora la innovaci\u00f3n, la sostenibilidad y la exploraci\u00f3n.<\/p>\n\n\n\n<h3 class=\"wp-block-heading\"><strong>Participa<\/strong><\/h3>\n\n\n\n<p>\u00bfTiene una historia que contar o una idea para un art\u00edculo? \u00bfQuiere aportar su experiencia o recomendar un tema que deber\u00edamos tratar?<br>Nos encantar\u00eda saber de ti. En <strong>ZapTheWheel<\/strong>sus ideas y experiencias alimentan nuestro empe\u00f1o por ofrecer contenidos relevantes y aut\u00e9nticos que hagan avanzar al mundo.<\/p>\n\n\n\n<p>Aceleremos el futuro: una idea, una idea, una innovaci\u00f3n cada vez.<\/p>\n\n\n\n<p>\u00a9 2025 <strong>zapthewheel.com<\/strong>. Todos los derechos reservados.<\/p>","protected":false},"excerpt":{"rendered":"<p>Welcome to ZapTheWheel \u2013 your destination for mobility innovation, smart driving, and automotive transformation. Whether you\u2019re passionate about cars, exploring the future of electric mobility, or curious about emerging driving technologies, ZapTheWheel is here to guide you every step of the way. What drives us At ZapTheWheel, we believe that knowledge moves the world forward [&hellip;]<\/p>","protected":false},"author":50,"featured_media":0,"parent":0,"menu_order":0,"comment_status":"closed","ping_status":"closed","template":"","meta":{"footnotes":""},"_links":{"self":[{"href":"https:\/\/zapthewheel.com\/es\/wp-json\/wp\/v2\/pages\/78"}],"collection":[{"href":"https:\/\/zapthewheel.com\/es\/wp-json\/wp\/v2\/pages"}],"about":[{"href":"https:\/\/zapthewheel.com\/es\/wp-json\/wp\/v2\/types\/page"}],"author":[{"embeddable":true,"href":"https:\/\/zapthewheel.com\/es\/wp-json\/wp\/v2\/users\/50"}],"replies":[{"embeddable":true,"href":"https:\/\/zapthewheel.com\/es\/wp-json\/wp\/v2\/comments?post=78"}],"version-history":[{"count":2,"href":"https:\/\/zapthewheel.com\/es\/wp-json\/wp\/v2\/pages\/78\/revisions"}],"predecessor-version":[{"id":138,"href":"https:\/\/zapthewheel.com\/es\/wp-json\/wp\/v2\/pages\/78\/revisions\/138"}],"wp:attachment":[{"href":"https:\/\/zapthewheel.com\/es\/wp-json\/wp\/v2\/media?parent=78"}],"curies":[{"name":"wp","href":"https:\/\/api.w.org\/{rel}","templated":true}]}}