    {"id":76,"date":"2025-11-07T20:01:08","date_gmt":"2025-11-07T20:01:08","guid":{"rendered":"https:\/\/zapthewheel.com\/?page_id=76"},"modified":"2025-12-03T17:32:03","modified_gmt":"2025-12-03T17:32:03","slug":"terms-of-use","status":"publish","type":"page","link":"https:\/\/zapthewheel.com\/es\/terms-of-use\/","title":{"rendered":"Condiciones de uso"},"content":{"rendered":"<p>\u00daltima actualizaci\u00f3n: Nov, 2025<\/p>\n\n\n\n<p><strong>ZapTheWheel<\/strong> opera como plataforma independiente de publicaci\u00f3n digital centrada en la innovaci\u00f3n en movilidad, conducci\u00f3n inteligente y tecnolog\u00eda del autom\u00f3vil. Al acceder o utilizar este sitio web, acepta cumplir los t\u00e9rminos, condiciones y pol\u00edticas que se describen a continuaci\u00f3n.<\/p>\n\n\n\n<p>Las presentes Condiciones de Uso definen los derechos y responsabilidades de los usuarios que interact\u00faan con el <strong>ZapTheWheel<\/strong> plataforma. El uso del sitio web tambi\u00e9n est\u00e1 sujeto a nuestras <strong>Pol\u00edtica de privacidad<\/strong>.<\/p>\n\n\n\n<p><strong>LEA ATENTAMENTE ESTAS CONDICIONES. SI NO EST\u00c1 DE ACUERDO CON ELLAS, NO UTILICE ZAPTHEWHEEL NI NINGUNO DE SUS SERVICIOS.<\/strong><\/p>\n\n\n\n<h3 class=\"wp-block-heading\"><strong>Art\u00edculo I - Acuerdo de usuario<\/strong><\/h3>\n\n\n\n<p>1.1 Al utilizar ZapTheWheel, usted confirma su plena aceptaci\u00f3n de estas Condiciones de uso y de nuestra Pol\u00edtica de privacidad.<br>1.2 Usted debe tener al menos 18 a\u00f1os o tener capacidad legal en su jurisdicci\u00f3n para utilizar esta plataforma.<br>1.3 Si no cumple estas condiciones o no est\u00e1 de acuerdo con alguna parte de las mismas, no podr\u00e1 acceder a nuestros servicios ni utilizarlos.<\/p>\n\n\n\n<h3 class=\"wp-block-heading\"><strong>Art\u00edculo II - Comunicaci\u00f3n<\/strong><\/h3>\n\n\n\n<p>2.1 ZapTheWheel proporciona canales de comunicaci\u00f3n para que los usuarios formulen preguntas, env\u00eden sugerencias o informen de problemas t\u00e9cnicos.<br>2.2 Puede ponerse en contacto con nosotros a trav\u00e9s de <strong>P\u00e1gina de contacto<\/strong> o a trav\u00e9s de las direcciones de correo electr\u00f3nico all\u00ed indicadas.<\/p>\n\n\n\n<h3 class=\"wp-block-heading\"><strong>Art\u00edculo III - Responsabilidades de las Partes<\/strong><\/h3>\n\n\n\n<p>3.1 Los usuarios deben cumplir estas Condiciones de uso y la Pol\u00edtica de privacidad cuando interact\u00faen con los contenidos o servicios de ZapTheWheel.<br>3.2 ZapTheWheel puede incluir enlaces a sitios web de terceros para obtener informaci\u00f3n o referencias adicionales. Estos enlaces se proporcionan \u00fanicamente para su comodidad.<br>3.3 Una vez redirigido, usted estar\u00e1 sujeto a las propias pol\u00edticas del sitio de terceros. ZapTheWheel no se hace responsable de la exactitud, fiabilidad o pr\u00e1cticas de los sitios web externos.<br>3.4 Los usuarios son los \u00fanicos responsables de la seguridad de su conexi\u00f3n a Internet, de sus dispositivos y del acceso a su cuenta mientras utilicen ZapTheWheel.<br>3.5 ZapTheWheel no se hace responsable de los da\u00f1os causados por fallos t\u00e9cnicos, accesos no autorizados o uso indebido de la plataforma fuera de nuestro control.<br>3.6 Nunca solicitaremos transferencias bancarias, datos confidenciales o informaci\u00f3n personal sensible a trav\u00e9s de canales no oficiales.<br>3.7 Cualquier actividad sospechosa o mensaje que afirme representar a ZapTheWheel debe ser denunciado inmediatamente a trav\u00e9s de nuestro <strong>P\u00e1gina de contacto<\/strong>.<\/p>\n\n\n\n<h3 class=\"wp-block-heading\"><strong>Art\u00edculo IV - Conductas prohibidas<\/strong><\/h3>\n\n\n\n<p>Se proh\u00edbe terminantemente a los usuarios:<\/p>\n\n\n\n<ul>\n<li>Participar en actividades ilegales, fraudulentas o malintencionadas;<\/li>\n\n\n\n<li>Violar los derechos de propiedad intelectual o las leyes de privacidad;<\/li>\n\n\n\n<li>Cargar o distribuir malware, virus o c\u00f3digo da\u00f1ino;<\/li>\n\n\n\n<li>Suplantaci\u00f3n de personas u organizaciones;<\/li>\n\n\n\n<li>Recoger o compartir datos sin consentimiento;<\/li>\n\n\n\n<li>Publicar contenidos enga\u00f1osos, difamatorios o no autorizados;<\/li>\n\n\n\n<li>Acosar, amenazar o difamar a otros usuarios;<\/li>\n\n\n\n<li>Intentar piratear o interrumpir el funcionamiento de la plataforma.<\/li>\n<\/ul>\n\n\n\n<p>Las infracciones pueden dar lugar a la suspensi\u00f3n o cancelaci\u00f3n permanente del acceso a ZapTheWheel, sin previo aviso.<\/p>\n\n\n\n<h3 class=\"wp-block-heading\"><strong>Art\u00edculo V - Limitaci\u00f3n de responsabilidad y garant\u00edas<\/strong><\/h3>\n\n\n\n<p>ZapTheWheel ofrece sus servicios y contenidos <strong>\"tal cual\"<\/strong> y <strong>\"seg\u00fan disponibilidad\"<\/strong>sin garant\u00edas expresas o impl\u00edcitas.<br>No garantizamos el acceso ininterrumpido, el contenido libre de errores ni que la informaci\u00f3n est\u00e9 siempre actualizada o sea adecuada para todos los fines.<br>En la medida en que la ley lo permita, ZapTheWheel declina toda responsabilidad por da\u00f1os directos, indirectos, incidentales o consecuentes derivados del uso o de la imposibilidad de usar el sitio o su contenido.<\/p>\n\n\n\n<h3 class=\"wp-block-heading\"><strong>Art\u00edculo VI - Vigencia y plazo legal<\/strong><\/h3>\n\n\n\n<p>Estas Condiciones de uso tienen una validez indefinida.<br>Cualquier reclamaci\u00f3n legal o litigio relacionado con la plataforma debe iniciarse en el plazo de <strong>90 (noventa) d\u00edas<\/strong> del hecho que da lugar a la reclamaci\u00f3n.<\/p>\n\n\n\n<h3 class=\"wp-block-heading\"><strong>Art\u00edculo VII - Ley aplicable y jurisdicci\u00f3n<\/strong><\/h3>\n\n\n\n<p>Las presentes Condiciones de Uso se regir\u00e1n e interpretar\u00e1n de conformidad con la <strong>leyes de la Rep\u00fablica de Estonia<\/strong>.<br>Cualquier disputa, controversia o reclamaci\u00f3n que surja de o est\u00e9 relacionada con estas Condiciones o con el uso de este sitio web se resolver\u00e1 de conformidad con el <strong>competencia exclusiva de los tribunales de Tallin (Estonia)<\/strong>.<br>Esta cl\u00e1usula garantiza el cumplimiento de la <strong>Ley de Obligaciones de Estonia<\/strong> y el <strong>Ley de Derecho Internacional Privado<\/strong>, manteniendo la transparencia y la responsabilidad internacionales.<\/p>\n\n\n\n<h3 class=\"wp-block-heading\"><strong>Art\u00edculo VIII - Propiedad intelectual<\/strong><\/h3>\n\n\n\n<p>8.1 Todo el contenido de ZapTheWheel, incluidos textos, gr\u00e1ficos, medios y marcas, est\u00e1 protegido por las leyes de propiedad intelectual.<br>8.2 Queda prohibido copiar, reproducir, volver a publicar o distribuir cualquier parte del contenido del sitio web sin la autorizaci\u00f3n previa por escrito de ZapTheWheel.<br>8.3 Los materiales enviados por los usuarios son responsabilidad exclusiva de sus autores. ZapTheWheel se reserva el derecho a eliminar cualquier contenido que infrinja las normas legales, \u00e9ticas o de la comunidad.<\/p>\n\n\n\n<h3 class=\"wp-block-heading\"><strong>Art\u00edculo IX - Modificaci\u00f3n de las condiciones<\/strong><\/h3>\n\n\n\n<p>ZapTheWheel se reserva el derecho a actualizar, modificar o interrumpir cualquier parte de estas Condiciones o de sus servicios en cualquier momento y sin previo aviso.<br>Es su responsabilidad revisar esta p\u00e1gina peri\u00f3dicamente. El uso continuado del sitio web implica la aceptaci\u00f3n de las condiciones actualizadas o revisadas.<\/p>\n\n\n\n<h3 class=\"wp-block-heading\"><strong>Art\u00edculo X - Contacto<\/strong><\/h3>\n\n\n\n<p>Si tiene preguntas, comentarios o dudas sobre estas Condiciones de uso, p\u00f3ngase en contacto con nosotros a trav\u00e9s de:<br><strong>P\u00e1gina web:<\/strong> <a href=\"https:\/\/zapthewheel.com\/es\/contact\/\">https:\/\/zapthewheel.com\/contact\/<\/a><br><strong>Correo electr\u00f3nico:<\/strong> contacto @ zapthewheel.com<\/p>\n\n\n\n<p><strong>SI NO EST\u00c1 DE ACUERDO CON ESTAS CONDICIONES, ABST\u00c9NGASE DE UTILIZAR ZAPTHEWHEEL Y SUS SERVICIOS.<\/strong><\/p>","protected":false},"excerpt":{"rendered":"<p>\u00daltima actualizaci\u00f3n: nov. de 2025 ZapTheWheel opera como una plataforma de publicaci\u00f3n digital independiente centrada en la innovaci\u00f3n de la movilidad, la conducci\u00f3n inteligente y la tecnolog\u00eda automotriz. Al acceder o utilizar este sitio web, usted acepta cumplir los t\u00e9rminos, condiciones y pol\u00edticas descritas a continuaci\u00f3n. Estos T\u00e9rminos de Uso definen los derechos y responsabilidades de los usuarios que interact\u00faan con la plataforma ZapTheWheel. [\u2026]<\/p>","protected":false},"author":50,"featured_media":0,"parent":0,"menu_order":0,"comment_status":"closed","ping_status":"closed","template":"","meta":{"footnotes":""},"_links":{"self":[{"href":"https:\/\/zapthewheel.com\/es\/wp-json\/wp\/v2\/pages\/76"}],"collection":[{"href":"https:\/\/zapthewheel.com\/es\/wp-json\/wp\/v2\/pages"}],"about":[{"href":"https:\/\/zapthewheel.com\/es\/wp-json\/wp\/v2\/types\/page"}],"author":[{"embeddable":true,"href":"https:\/\/zapthewheel.com\/es\/wp-json\/wp\/v2\/users\/50"}],"replies":[{"embeddable":true,"href":"https:\/\/zapthewheel.com\/es\/wp-json\/wp\/v2\/comments?post=76"}],"version-history":[{"count":3,"href":"https:\/\/zapthewheel.com\/es\/wp-json\/wp\/v2\/pages\/76\/revisions"}],"predecessor-version":[{"id":151,"href":"https:\/\/zapthewheel.com\/es\/wp-json\/wp\/v2\/pages\/76\/revisions\/151"}],"wp:attachment":[{"href":"https:\/\/zapthewheel.com\/es\/wp-json\/wp\/v2\/media?parent=76"}],"curies":[{"name":"wp","href":"https:\/\/api.w.org\/{rel}","templated":true}]}}