    {"id":73,"date":"2025-11-07T19:59:55","date_gmt":"2025-11-07T19:59:55","guid":{"rendered":"https:\/\/zapthewheel.com\/?page_id=73"},"modified":"2025-12-03T16:57:43","modified_gmt":"2025-12-03T16:57:43","slug":"privacy-policy","status":"publish","type":"page","link":"https:\/\/zapthewheel.com\/es\/privacy-policy\/","title":{"rendered":"Pol\u00edtica de privacidad"},"content":{"rendered":"<p>Su privacidad es importante para nosotros. Lo es\u00a0<strong>zapthewheel's<\/strong>\u00a0pol\u00edtica de respetar su privacidad en relaci\u00f3n con cualquier informaci\u00f3n que podamos recopilar de usted a trav\u00e9s de nuestro sitio web, zapthewheel, y otros sitios que poseemos y operamos.<\/p>\n\n\n\n<p>S\u00f3lo solicitamos informaci\u00f3n personal cuando realmente la necesitamos para prestarle un servicio. La recopilamos por medios justos y legales, con su conocimiento y consentimiento. Tambi\u00e9n le informamos de por qu\u00e9 la recabamos y c\u00f3mo se utilizar\u00e1.<\/p>\n\n\n\n<p>S\u00f3lo conservamos la informaci\u00f3n recopilada durante el tiempo necesario para prestarle el servicio solicitado. Protegeremos los datos que almacenemos con medios comercialmente aceptables para evitar p\u00e9rdidas y robos, as\u00ed como el acceso, la divulgaci\u00f3n, la copia, el uso o la modificaci\u00f3n no autorizados.<\/p>\n\n\n\n<p>No compartimos ninguna informaci\u00f3n de identificaci\u00f3n personal p\u00fablicamente ni con terceros, excepto cuando lo exige la ley.<\/p>\n\n\n\n<p>Nuestro sitio web puede contener enlaces a sitios externos no gestionados por nosotros. Por favor, tenga en cuenta que no tenemos control sobre el contenido y las pr\u00e1cticas de estos sitios, y no podemos aceptar responsabilidad por sus respectivas pol\u00edticas de privacidad.<\/p>\n\n\n\n<p>Usted es libre de rechazar nuestra solicitud de informaci\u00f3n personal, entendiendo que es posible que no podamos prestarle algunos de los servicios que desea.<\/p>\n\n\n\n<p>Su uso continuado de nuestro sitio web se considerar\u00e1 como aceptaci\u00f3n de nuestras pr\u00e1cticas en torno a la privacidad y la informaci\u00f3n personal. Si tiene alguna pregunta sobre c\u00f3mo tratamos los datos de los usuarios y la informaci\u00f3n personal, no dude en ponerse en contacto con nosotros.<\/p>\n\n\n\n<h2 class=\"wp-block-heading\"><strong>Pol\u00edtica de cookies<\/strong>&nbsp;para&nbsp;<strong>zapthewheel<\/strong><\/h2>\n\n\n\n<p>Esta es la pol\u00edtica de cookies de&nbsp;<strong>zapthewheel<\/strong>accesible desde la URL<\/p>\n\n\n\n<h3 class=\"wp-block-heading\">Qu\u00e9 son las cookies<\/h3>\n\n\n\n<p>Como es pr\u00e1ctica habitual en casi todos los sitios web profesionales, este sitio utiliza cookies, que son peque\u00f1os archivos que se descargan en su ordenador para mejorar su experiencia. Esta p\u00e1gina describe qu\u00e9 informaci\u00f3n recopilan, c\u00f3mo la utilizamos y por qu\u00e9 a veces necesitamos almacenar estas cookies. Tambi\u00e9n le explicaremos c\u00f3mo puede evitar que se almacenen estas cookies, aunque esto puede degradar o \"romper\" ciertos elementos de la funcionalidad de los sitios.<\/p>\n\n\n\n<h3 class=\"wp-block-heading\">C\u00f3mo utilizamos las cookies<\/h3>\n\n\n\n<p>Utilizamos cookies por una serie de razones que se detallan a continuaci\u00f3n. Lamentablemente, en la mayor\u00eda de los casos no existen opciones est\u00e1ndar para desactivar las cookies sin desactivar por completo la funcionalidad y las caracter\u00edsticas que a\u00f1aden a este sitio. Se recomienda dejar activadas todas las cookies si no est\u00e1 seguro de si las necesita o no en caso de que se utilicen para prestar un servicio que usted utilice.<\/p>\n\n\n\n<h3 class=\"wp-block-heading\">Desactivar las cookies<\/h3>\n\n\n\n<p>Puede evitar la instalaci\u00f3n de cookies ajustando la configuraci\u00f3n de su navegador (consulte la Ayuda de su navegador para saber c\u00f3mo hacerlo). Tenga en cuenta que deshabilitar las cookies afectar\u00e1 a la funcionalidad de este sitio web y de muchos otros que visite. La desactivaci\u00f3n de las cookies suele conllevar tambi\u00e9n la desactivaci\u00f3n de determinadas funciones y caracter\u00edsticas de este sitio. Por lo tanto, le recomendamos que no desactive las cookies.<\/p>\n\n\n\n<h3 class=\"wp-block-heading\">Las cookies que instalamos<\/h3>\n\n\n\n<ul>\n<li>Cookies relacionadas con la cuenta<br>Si crea una cuenta con nosotros, utilizaremos cookies para la gesti\u00f3n del proceso de registro y la administraci\u00f3n general. Por lo general, estas cookies se eliminan al cerrar la sesi\u00f3n, aunque en algunos casos pueden permanecer despu\u00e9s para recordar sus preferencias del sitio cuando cierra la sesi\u00f3n.<\/li>\n\n\n\n<li>Cookies relacionadas con el inicio de sesi\u00f3n<br>Utilizamos cookies cuando usted inicia sesi\u00f3n para recordar este hecho. Esto evita que tenga que iniciar sesi\u00f3n cada vez que visita una nueva p\u00e1gina. Estas cookies suelen eliminarse o borrarse al cerrar la sesi\u00f3n para garantizar que solo pueda acceder a las funciones y \u00e1reas restringidas cuando haya iniciado sesi\u00f3n.<\/li>\n\n\n\n<li>Cookies relacionadas con boletines por correo electr\u00f3nico<br><br>Este sitio ofrece servicios de suscripci\u00f3n a boletines o correos electr\u00f3nicos y las cookies pueden utilizarse para recordar si ya est\u00e1 registrado y si se muestran determinadas notificaciones que podr\u00edan ser v\u00e1lidas \u00fanicamente para usuarios suscritos\/no suscritos.<\/li>\n\n\n\n<li>Cookies relacionadas con la tramitaci\u00f3n de pedidos<br>Este sitio ofrece facilidades de comercio electr\u00f3nico o de pago y algunas cookies son esenciales para garantizar que su pedido sea recordado entre p\u00e1ginas para que podamos procesarlo correctamente.<\/li>\n\n\n\n<li>Cookies relacionadas con encuestas<br>De vez en cuando ofrecemos encuestas y cuestionarios a los usuarios para proporcionarles informaci\u00f3n interesante, herramientas \u00fatiles o para comprender mejor nuestra base de usuarios. Estas encuestas pueden utilizar cookies para recordar qui\u00e9n ha participado ya en una encuesta o para ofrecerle resultados precisos despu\u00e9s de cambiar de p\u00e1gina.<\/li>\n\n\n\n<li>Cookies relacionadas con formularios<br>Cuando env\u00eda datos a trav\u00e9s de un formulario, como los que se encuentran en las p\u00e1ginas de contacto o en los formularios de comentarios, se pueden instalar cookies para recordar sus datos de usuario para futuras correspondencias.<\/li>\n\n\n\n<li>Cookies de preferencias del sitio<br>Con el fin de proporcionarle una gran experiencia en este sitio le proporcionamos la funcionalidad para establecer sus preferencias sobre c\u00f3mo funciona este sitio cuando usted lo utiliza. Con el fin de recordar sus preferencias que necesitamos para establecer cookies para que esta informaci\u00f3n puede ser llamada cada vez que interact\u00faa con una p\u00e1gina se ve afectada por sus preferencias.<\/li>\n<\/ul>\n\n\n\n<h3 class=\"wp-block-heading\">Cookies de terceros<\/h3>\n\n\n\n<p>En algunos casos especiales tambi\u00e9n utilizamos cookies proporcionadas por terceros de confianza. En la siguiente secci\u00f3n se detalla qu\u00e9 cookies de terceros puede encontrar a trav\u00e9s de este sitio.<\/p>\n\n\n\n<ul>\n<li>Este sitio utiliza Google Analytics, una de las soluciones anal\u00edticas m\u00e1s extendidas y fiables de la web, para ayudarnos a comprender c\u00f3mo utiliza usted el sitio y c\u00f3mo podemos mejorar su experiencia. Estas cookies pueden rastrear cosas como el tiempo que pasa en el sitio y las p\u00e1ginas que visita para que podamos seguir produciendo contenido atractivo. Para m\u00e1s informaci\u00f3n sobre las cookies de Google Analytics, consulte la p\u00e1gina oficial de Google Analytics.<\/li>\n\n\n\n<li>Las anal\u00edticas de terceros se utilizan para rastrear y medir el uso de este sitio, de modo que podamos seguir produciendo contenidos atractivos. Estas cookies pueden rastrear cosas como el tiempo que pasa en el sitio o las p\u00e1ginas que visita, lo que nos ayuda a entender c\u00f3mo podemos mejorar el sitio para usted.<\/li>\n\n\n\n<li>De vez en cuando probamos nuevas funciones y realizamos cambios sutiles en el funcionamiento del sitio. Cuando todav\u00eda estamos probando nuevas funciones, estas cookies se pueden utilizar para garantizar que usted recibe una experiencia consistente mientras est\u00e1 en el sitio, al tiempo que nos aseguramos de entender qu\u00e9 optimizaciones aprecian m\u00e1s nuestros usuarios.<\/li>\n\n\n\n<li>Como vendemos productos, es importante para nosotros conocer las estad\u00edsticas sobre cu\u00e1ntos de los visitantes de nuestro sitio realizan realmente una compra y, como tal, este es el tipo de datos que estas cookies rastrear\u00e1n. Esto es importante para usted, ya que significa que podemos hacer predicciones comerciales precisas que nos permiten controlar nuestra publicidad y los costes de los productos para garantizar el mejor precio posible.<\/li>\n\n\n\n<li>Tambi\u00e9n utilizamos botones y\/o plugins de redes sociales en este sitio que le permiten conectarse con su red social de diversas maneras. Para que funcionen, las siguientes redes sociales, entre las que se incluyen {enumere las redes sociales cuyas funciones ha integrado en su sitio web...12}, instalar\u00e1n cookies a trav\u00e9s de nuestro sitio web que podr\u00e1n utilizarse para mejorar su perfil en su sitio web o contribuir a los datos que poseen para diversos fines descritos en sus respectivas pol\u00edticas de privacidad.<\/li>\n<\/ul>\n\n\n\n<h3 class=\"wp-block-heading\">Publicidad (Google AdSense) y sus opciones<\/h3>\n\n\n\n<p>Este sitio utiliza Google AdSense para mostrar anuncios. Google y sus socios pueden utilizar cookies u otras tecnolog\u00edas para ofrecer, medir y personalizar anuncios basados en sus visitas a este y otros sitios web.<\/p>\n\n\n\n<p>Para saber c\u00f3mo utiliza Google los datos de los sitios y aplicaciones que utilizan sus servicios, visite:<br><a href=\"https:\/\/policies.google.com\/technologies\/partner-sites\">https:\/\/policies.google.com\/technologies\/partner-sites<\/a><\/p>\n\n\n\n<p><strong>Exclusi\u00f3n de anuncios personalizados:<\/strong><br>Para inhabilitar la publicidad personalizada de Google, accede a tu cuenta de Google.&nbsp;<strong><a href=\"https:\/\/adssettings.google.com\/\">Configuraci\u00f3n de anuncios (Mi centro de anuncios)<\/a><\/strong>.<br>Alternativamente, usted puede optar por no recibir publicidad basada en intereses de muchos otros proveedores de publicidad visitando&nbsp;<strong><a href=\"https:\/\/www.aboutads.info\/choices\/\">AboutAds.info\/opciones<\/a><\/strong>.<\/p>\n\n\n\n<p>Nota: Aunque decida no participar, seguir\u00e1 viendo anuncios, pero pueden ser menos relevantes para sus intereses.<\/p>\n\n\n\n<h2 class=\"wp-block-heading\">M\u00e1s informaci\u00f3n<\/h2>\n\n\n\n<p>Esperamos que esto le haya aclarado las cosas y, como se mencion\u00f3 anteriormente, si hay algo que no est\u00e1 seguro de si necesita o no, normalmente es m\u00e1s seguro dejar las cookies activadas en caso de que interact\u00faen con alguna de las funciones que utiliza en nuestro sitio.<\/p>\n\n\n\n<p>Esta pol\u00edtica entra en vigor a partir de&nbsp;<strong>Nov<\/strong>&nbsp;<strong>2025<\/strong>.<\/p>","protected":false},"excerpt":{"rendered":"<p>Your privacy is important to us. It is\u00a0zapthewheel&#8217;s\u00a0policy to respect your privacy regarding any information we may collect from you across our website,\u00a0zapthewheel, and other sites we own and operate. We only ask for personal information when we truly need it to provide a service to you. We collect it by fair and lawful means, [&hellip;]<\/p>","protected":false},"author":50,"featured_media":0,"parent":0,"menu_order":0,"comment_status":"closed","ping_status":"closed","template":"","meta":{"footnotes":""},"_links":{"self":[{"href":"https:\/\/zapthewheel.com\/es\/wp-json\/wp\/v2\/pages\/73"}],"collection":[{"href":"https:\/\/zapthewheel.com\/es\/wp-json\/wp\/v2\/pages"}],"about":[{"href":"https:\/\/zapthewheel.com\/es\/wp-json\/wp\/v2\/types\/page"}],"author":[{"embeddable":true,"href":"https:\/\/zapthewheel.com\/es\/wp-json\/wp\/v2\/users\/50"}],"replies":[{"embeddable":true,"href":"https:\/\/zapthewheel.com\/es\/wp-json\/wp\/v2\/comments?post=73"}],"version-history":[{"count":2,"href":"https:\/\/zapthewheel.com\/es\/wp-json\/wp\/v2\/pages\/73\/revisions"}],"predecessor-version":[{"id":143,"href":"https:\/\/zapthewheel.com\/es\/wp-json\/wp\/v2\/pages\/73\/revisions\/143"}],"wp:attachment":[{"href":"https:\/\/zapthewheel.com\/es\/wp-json\/wp\/v2\/media?parent=73"}],"curies":[{"name":"wp","href":"https:\/\/api.w.org\/{rel}","templated":true}]}}